{"id":2985,"date":"2025-11-21T01:03:00","date_gmt":"2025-11-20T23:03:00","guid":{"rendered":"https:\/\/developmentwp.gillie.ai\/?page_id=2985"},"modified":"2025-11-21T01:49:22","modified_gmt":"2025-11-20T23:49:22","slug":"case-hyvaep","status":"publish","type":"page","link":"https:\/\/gillie.ai\/fi\/case-hyvaep\/","title":{"rendered":"Case HYVAEP"},"content":{"rendered":"<div class=\"wp-block-cover is-light has-custom-content-position is-position-bottom-left\"><img loading=\"lazy\" decoding=\"async\" width=\"2121\" height=\"1414\" class=\"wp-block-cover__image-background wp-image-2656\" src=\"\/wp-content\/uploads\/2023\/04\/case-medication.jpg\" alt=\"\" data-object-fit=\"cover\" srcset=\"https:\/\/gillie.ai\/wp-content\/uploads\/2023\/04\/case-medication.jpg 2121w, https:\/\/gillie.ai\/wp-content\/uploads\/2023\/04\/case-medication-300x200.jpg 300w, https:\/\/gillie.ai\/wp-content\/uploads\/2023\/04\/case-medication-1024x683.jpg 1024w, https:\/\/gillie.ai\/wp-content\/uploads\/2023\/04\/case-medication-768x512.jpg 768w, https:\/\/gillie.ai\/wp-content\/uploads\/2023\/04\/case-medication-1536x1024.jpg 1536w, https:\/\/gillie.ai\/wp-content\/uploads\/2023\/04\/case-medication-2048x1365.jpg 2048w, https:\/\/gillie.ai\/wp-content\/uploads\/2023\/04\/case-medication-18x12.jpg 18w, https:\/\/gillie.ai\/wp-content\/uploads\/2023\/04\/case-medication-930x620.jpg 930w\" sizes=\"auto, (max-width: 2121px) 100vw, 2121px\" \/>\r\n<div class=\"wp-block-cover__inner-container is-layout-flow wp-block-cover-is-layout-flow\">\r\n<div id=\"wp-block-themeisle-blocks-advanced-columns-f339aa63\" class=\"wp-block-themeisle-blocks-advanced-columns has-1-columns has-desktop-equal-layout has-tablet-equal-layout has-mobile-equal-layout has-vertical-unset\">\r\n<div class=\"wp-block-themeisle-blocks-advanced-columns-overlay\">\u00a0<\/div>\r\n<div class=\"innerblocks-wrap\">\r\n<div id=\"wp-block-themeisle-blocks-advanced-column-4010f3d5\" class=\"wp-block-themeisle-blocks-advanced-column\">\r\n<h2 id=\"wp-block-themeisle-blocks-advanced-heading-66bd9e7a\" class=\"wp-block-themeisle-blocks-advanced-heading wp-block-themeisle-blocks-advanced-heading-66bd9e7a\">Etel\u00e4-Pohjanmaan hyvinvointialue<\/h2>\r\n<\/div>\r\n<\/div>\r\n<\/div>\r\n<\/div>\r\n<\/div>\r\n\r\n\r\n\r\n<div id=\"wp-block-themeisle-blocks-advanced-columns-63ac7a5d\" class=\"wp-block-themeisle-blocks-advanced-columns has-2-columns has-desktop-oneTwo-layout has-tablet-equal-layout has-mobile-collapsedRows-layout has-vertical-unset has-light-bg\">\r\n<div class=\"wp-block-themeisle-blocks-advanced-columns-overlay\">\u00a0<\/div>\r\n<div class=\"innerblocks-wrap\">\r\n<div id=\"wp-block-themeisle-blocks-advanced-column-5534f300\" class=\"wp-block-themeisle-blocks-advanced-column\">\r\n<div id=\"wp-block-themeisle-blocks-advanced-columns-d891f994\" class=\"wp-block-themeisle-blocks-advanced-columns has-1-columns has-desktop-equal-layout has-tablet-equal-layout has-mobile-equal-layout has-vertical-unset\">\r\n<div class=\"wp-block-themeisle-blocks-advanced-columns-overlay\">\u00a0<\/div>\r\n<div class=\"innerblocks-wrap\">\r\n<div id=\"wp-block-themeisle-blocks-advanced-column-d0f2a85a\" class=\"wp-block-themeisle-blocks-advanced-column\">\r\n<figure class=\"wp-block-image aligncenter size-thumbnail is-style-rounded\"><img decoding=\"async\" class=\"wp-image-1955\" src=\"\/wp-content\/uploads\/2023\/03\/samuel-edited-150x150.jpg\" alt=\"\" \/>\r\n<figcaption class=\"wp-element-caption\">Samuel Kivikari<br \/>samuel.kivikari@gillie.ai<\/figcaption>\r\n<\/figure>\r\n\r\n\r\n\r\n<div class=\"wp-block-uagb-buttons uagb-buttons__outer-wrap uagb-btn__small-btn uagb-btn-tablet__default-btn uagb-btn-mobile__default-btn uagb-block-e10c0fef\">\r\n<div class=\"uagb-buttons__wrap uagb-buttons-layout-wrap\">\r\n\r\n<\/div>\r\n<\/div>\r\n<\/div>\r\n<\/div>\r\n<\/div>\r\n<\/div>\r\n\r\n\r\n\r\n<div id=\"wp-block-themeisle-blocks-advanced-column-320cb571\" class=\"wp-block-themeisle-blocks-advanced-column has-light-bg\">\r\n<h3 id=\"wp-block-themeisle-blocks-advanced-heading-71a6dd08\" class=\"wp-block-themeisle-blocks-advanced-heading wp-block-themeisle-blocks-advanced-heading-71a6dd08\">Haaste<\/h3>\r\n\r\n\r\n\r\n<p id=\"wp-block-themeisle-blocks-advanced-heading-27d23423\" class=\"wp-block-themeisle-blocks-advanced-heading wp-block-themeisle-blocks-advanced-heading-27d23423\">Kotihoidon asiakkaiden luona tehd\u00e4\u00e4n k\u00e4yntej\u00e4 hoidon- ja palveluntarpeen arviointiin perustuen. K\u00e4yntien m\u00e4\u00e4r\u00e4 voi vaihdella yhdest\u00e4 viikoittaisesta k\u00e4ynnist\u00e4 useisiin p\u00e4ivitt\u00e4isiin k\u00e4ynteihin. Kotihoidon palveluiden avulla asiakas voi asua omassa kodissaan ja saada hoitosuunnitelman mukaiset palvelut.<\/p>\r\n\r\n\r\n\r\n<p id=\"wp-block-themeisle-blocks-advanced-heading-d984a466\" class=\"wp-block-themeisle-blocks-advanced-heading wp-block-themeisle-blocks-advanced-heading-d984a466\">Usein kotihoidon asiakkaan hoitoon osallistuu useita ammattilaisia mukaan lukien lyhytaikaiset sijaiset. Asiakkaan terveydentilan kokonaiskuvan koostaminen hoitoty\u00f6n kirjauksista ja terveydenhuollon merkinn\u00f6ist\u00e4 voi olla haasteellista. Asiakkaan terveydentilan historiaan perehtymiseen ei ammattilaisilla aina ole mahdollisuutta. Kotik\u00e4ynneill\u00e4 keskityt\u00e4\u00e4n hoitosuunnitelman mukaisiin teht\u00e4viin ja toimenpiteisiin. Hoitotarve voi vaihdella asiakkaan toimintakyvyn ja terveydentilan muutosten my\u00f6t\u00e4, lyhyell\u00e4 tai pitk\u00e4ll\u00e4 aikav\u00e4lill\u00e4, ilman ett\u00e4 hoitaja havaitsee kaikkia muutoksia ja niist\u00e4 tehtyj\u00e4 kirjauksia.<\/p>\r\n\r\n\r\n\r\n<h3 id=\"wp-block-themeisle-blocks-advanced-heading-367a565b\" class=\"wp-block-themeisle-blocks-advanced-heading wp-block-themeisle-blocks-advanced-heading-367a565b\">Ratkaisu<\/h3>\r\n\r\n\r\n\r\n<p id=\"wp-block-themeisle-blocks-advanced-heading-ab4df0d6\" class=\"wp-block-themeisle-blocks-advanced-heading wp-block-themeisle-blocks-advanced-heading-ab4df0d6\">Gillie.AI on kotihoitoon suunniteltu teko\u00e4ly, joka tunnistaa asiakkaan toimintakyvyn ja terveydentilan muutoksia sek\u00e4 lyhyell\u00e4 ett\u00e4 pitk\u00e4ll\u00e4 aikav\u00e4lill\u00e4. Se kokoaa tiedot potilastietoj\u00e4rjestelm\u00e4st\u00e4, toimintakykyarvioinneista ja erillisj\u00e4rjestelmist\u00e4, tarjoten ammattilaisille kokonaiskuvan asiakkaan hyvinvoinnista ja palvelutarpeen muutoksista. Gillie.AI tukee ammattilaisia arjen ty\u00f6ss\u00e4 kokoamalla ennakoivaa tietoa asiakkaan terveydentilan poikkeamista ja nostamalla esille tiedot asiakkaan muuttuneesta terveydentilasta, tehostaen poikkeamiin puuttumista oikea-aikaisesti. T\u00e4m\u00e4 mahdollistaa asiakasl\u00e4ht\u00f6isempien palveluiden tarjoamisen ja v\u00e4hent\u00e4\u00e4 tarpeettomia p\u00e4ivystysk\u00e4yntej\u00e4, sairaalajaksoja ja aikaista siirtymist\u00e4 palveluasumiseen.<\/p>\r\n\r\n\r\n\r\n<h3 id=\"wp-block-themeisle-blocks-advanced-heading-d3256ca7\" class=\"wp-block-themeisle-blocks-advanced-heading wp-block-themeisle-blocks-advanced-heading-d3256ca7\">Asiakkaasta<\/h3>\r\n\r\n\r\n\r\n<p id=\"wp-block-themeisle-blocks-advanced-heading-d9ab45bd\" class=\"wp-block-themeisle-blocks-advanced-heading wp-block-themeisle-blocks-advanced-heading-d9ab45bd\">Etel\u00e4-Pohjanmaan hyvinvointipalveluiden maakunta vastaa sosiaali- ja terveydenhuollon sek\u00e4 pelastuspalvelujen j\u00e4rjest\u00e4misest\u00e4 alueellamme. Palvelemme noin 190 000 etel\u00e4pohjalaista asukasta ja meill\u00e4 on yli 10 000 ty\u00f6ntekij\u00e4\u00e4.<\/p>\r\n<\/div>\r\n<\/div>\r\n<\/div>","protected":false},"excerpt":{"rendered":"","protected":false},"author":226723938,"featured_media":0,"parent":0,"menu_order":0,"comment_status":"closed","ping_status":"closed","template":"","meta":{"_uag_custom_page_level_css":"","neve_meta_sidebar":"","neve_meta_container":"","neve_meta_enable_content_width":"off","neve_meta_content_width":100,"neve_meta_title_alignment":"","neve_meta_author_avatar":"","neve_post_elements_order":"","neve_meta_disable_header":"","neve_meta_disable_footer":"","neve_meta_disable_title":"","_themeisle_gutenberg_block_has_review":false,"footnotes":""},"class_list":["post-2985","page","type-page","status-publish","hentry"],"uagb_featured_image_src":{"full":false,"thumbnail":false,"medium":false,"medium_large":false,"large":false,"1536x1536":false,"2048x2048":false,"trp-custom-language-flag":false,"neve-blog":false},"uagb_author_info":{"display_name":"gillieai","author_link":"https:\/\/gillie.ai\/fi\/author\/gillieai\/"},"uagb_comment_info":0,"uagb_excerpt":null,"_links":{"self":[{"href":"https:\/\/gillie.ai\/fi\/wp-json\/wp\/v2\/pages\/2985","targetHints":{"allow":["GET"]}}],"collection":[{"href":"https:\/\/gillie.ai\/fi\/wp-json\/wp\/v2\/pages"}],"about":[{"href":"https:\/\/gillie.ai\/fi\/wp-json\/wp\/v2\/types\/page"}],"author":[{"embeddable":true,"href":"https:\/\/gillie.ai\/fi\/wp-json\/wp\/v2\/users\/226723938"}],"replies":[{"embeddable":true,"href":"https:\/\/gillie.ai\/fi\/wp-json\/wp\/v2\/comments?post=2985"}],"version-history":[{"count":8,"href":"https:\/\/gillie.ai\/fi\/wp-json\/wp\/v2\/pages\/2985\/revisions"}],"predecessor-version":[{"id":3006,"href":"https:\/\/gillie.ai\/fi\/wp-json\/wp\/v2\/pages\/2985\/revisions\/3006"}],"wp:attachment":[{"href":"https:\/\/gillie.ai\/fi\/wp-json\/wp\/v2\/media?parent=2985"}],"curies":[{"name":"wp","href":"https:\/\/api.w.org\/{rel}","templated":true}]}}