{"id":2635,"date":"2023-04-06T17:04:03","date_gmt":"2023-04-06T14:04:03","guid":{"rendered":"http:\/\/dev16.local\/?page_id=2635"},"modified":"2025-11-21T01:47:36","modified_gmt":"2025-11-20T23:47:36","slug":"case-eloisa","status":"publish","type":"page","link":"https:\/\/gillie.ai\/fi\/case-eloisa\/","title":{"rendered":"Case Eloisa"},"content":{"rendered":"<div class=\"wp-block-cover has-custom-content-position is-position-bottom-left\"><span aria-hidden=\"true\" class=\"wp-block-cover__background has-background-dim-0 has-background-dim\"><\/span><img loading=\"lazy\" decoding=\"async\" width=\"2121\" height=\"1414\" class=\"wp-block-cover__image-background wp-image-2670\" alt=\"\" src=\"\/wp-content\/uploads\/2023\/04\/case-emergency-button2.jpg\" data-object-fit=\"cover\" srcset=\"https:\/\/gillie.ai\/wp-content\/uploads\/2023\/04\/case-emergency-button2.jpg 2121w, https:\/\/gillie.ai\/wp-content\/uploads\/2023\/04\/case-emergency-button2-300x200.jpg 300w, https:\/\/gillie.ai\/wp-content\/uploads\/2023\/04\/case-emergency-button2-1024x683.jpg 1024w, https:\/\/gillie.ai\/wp-content\/uploads\/2023\/04\/case-emergency-button2-768x512.jpg 768w, https:\/\/gillie.ai\/wp-content\/uploads\/2023\/04\/case-emergency-button2-1536x1024.jpg 1536w, https:\/\/gillie.ai\/wp-content\/uploads\/2023\/04\/case-emergency-button2-2048x1365.jpg 2048w, https:\/\/gillie.ai\/wp-content\/uploads\/2023\/04\/case-emergency-button2-18x12.jpg 18w, https:\/\/gillie.ai\/wp-content\/uploads\/2023\/04\/case-emergency-button2-930x620.jpg 930w\" sizes=\"auto, (max-width: 2121px) 100vw, 2121px\" \/><div class=\"wp-block-cover__inner-container is-layout-flow wp-block-cover-is-layout-flow\">\r\n<div id=\"wp-block-themeisle-blocks-advanced-columns-f339aa63\" class=\"wp-block-themeisle-blocks-advanced-columns has-1-columns has-desktop-equal-layout has-tablet-equal-layout has-mobile-equal-layout has-vertical-unset\"><div class=\"wp-block-themeisle-blocks-advanced-columns-overlay\"><\/div><div class=\"innerblocks-wrap\">\r\n<div id=\"wp-block-themeisle-blocks-advanced-column-4010f3d5\" class=\"wp-block-themeisle-blocks-advanced-column\">\r\n<h2 id=\"wp-block-themeisle-blocks-advanced-heading-66bd9e7a\" class=\"wp-block-themeisle-blocks-advanced-heading wp-block-themeisle-blocks-advanced-heading-66bd9e7a\">Etel\u00e4-Savon hyvinvointialue<\/h2>\r\n<\/div>\r\n<\/div><\/div>\r\n<\/div><\/div>\r\n\r\n\r\n\r\n<div id=\"wp-block-themeisle-blocks-advanced-columns-63ac7a5d\" class=\"wp-block-themeisle-blocks-advanced-columns has-2-columns has-desktop-oneTwo-layout has-tablet-equal-layout has-mobile-collapsedRows-layout has-vertical-unset\"><div class=\"wp-block-themeisle-blocks-advanced-columns-overlay\"><\/div><div class=\"innerblocks-wrap\">\r\n<div id=\"wp-block-themeisle-blocks-advanced-column-5534f300\" class=\"wp-block-themeisle-blocks-advanced-column\">\r\n<div id=\"wp-block-themeisle-blocks-advanced-columns-d891f994\" class=\"wp-block-themeisle-blocks-advanced-columns has-1-columns has-desktop-equal-layout has-tablet-equal-layout has-mobile-equal-layout has-vertical-unset\"><div class=\"wp-block-themeisle-blocks-advanced-columns-overlay\"><\/div><div class=\"innerblocks-wrap\">\r\n<div id=\"wp-block-themeisle-blocks-advanced-column-d0f2a85a\" class=\"wp-block-themeisle-blocks-advanced-column\"><div class=\"wp-block-image is-style-rounded\">\r\n<figure class=\"aligncenter size-thumbnail\"><img decoding=\"async\" src=\"\/wp-content\/uploads\/2023\/03\/samuel-edited-150x150.jpg\" alt=\"\" class=\"wp-image-1955\"\/><figcaption class=\"wp-element-caption\">Samuel Kivikari<br>samuel.kivikari@gillie.ai<\/figcaption><\/figure><\/div>\r\n\r\n\r\n<div class=\"wp-block-uagb-buttons uagb-buttons__outer-wrap uagb-btn__small-btn uagb-btn-tablet__default-btn uagb-btn-mobile__default-btn uagb-block-9752ea7f\"><div class=\"uagb-buttons__wrap uagb-buttons-layout-wrap\">\r\n\r\n<\/div><\/div>\r\n<\/div>\r\n<\/div><\/div>\r\n<\/div>\r\n\r\n\r\n\r\n<div id=\"wp-block-themeisle-blocks-advanced-column-320cb571\" class=\"wp-block-themeisle-blocks-advanced-column\">\r\n<h3 id=\"wp-block-themeisle-blocks-advanced-heading-71a6dd08\" class=\"wp-block-themeisle-blocks-advanced-heading wp-block-themeisle-blocks-advanced-heading-71a6dd08\">Haaste<\/h3>\r\n\r\n\r\n\r\n<p id=\"wp-block-themeisle-blocks-advanced-heading-27d23423\" class=\"wp-block-themeisle-blocks-advanced-heading wp-block-themeisle-blocks-advanced-heading-27d23423\">Kotihoidon asiakkaiden kotona asumista tuetaan erilaisilla tukipalveluilla, joista yleisin on turvapuhelinpalvelu. Turvapuhelimen avulla kotihoidon asiakkaat voivat h\u00e4lytt\u00e4\u00e4 apua mihin vuorokaudenaikaan tahansa. H\u00e4lytykset ohjautuvat turvapuhelinkeskukseen, jossa p\u00e4ivyst\u00e4j\u00e4 kuuntelee, arvioi ja tarvittaessa l\u00e4hett\u00e4\u00e4 apua paikalle.<\/p>\r\n\r\n\r\n\r\n<p id=\"wp-block-themeisle-blocks-advanced-heading-d984a466\" class=\"wp-block-themeisle-blocks-advanced-heading wp-block-themeisle-blocks-advanced-heading-d984a466\">Kotihoidon henkil\u00f6st\u00f6 p\u00e4\u00e4see n\u00e4kem\u00e4\u00e4n tiedot hoitajien tekemist\u00e4 turva-auttajateht\u00e4vist\u00e4 mik\u00e4li turvapuhelinkeskukseen tulleen soiton my\u00f6t\u00e4 paikalle on l\u00e4hetetty apua. Kotihoidossa ei kuitenkaan ole saatu tietoja siit\u00e4, miten asiakkaat turvapuhelinta k\u00e4ytt\u00e4v\u00e4t.<\/p>\r\n\r\n\r\n\r\n<h3 id=\"wp-block-themeisle-blocks-advanced-heading-367a565b\" class=\"wp-block-themeisle-blocks-advanced-heading wp-block-themeisle-blocks-advanced-heading-367a565b\">Ratkaisu<\/h3>\r\n\r\n\r\n\r\n<p id=\"wp-block-themeisle-blocks-advanced-heading-2b34a9d1\" class=\"wp-block-themeisle-blocks-advanced-heading wp-block-themeisle-blocks-advanced-heading-2b34a9d1\">Gillie.AI auttaa tekem\u00e4\u00e4n turvapuhelut n\u00e4kyviksi kotihoidon henkil\u00f6st\u00f6lle. Sovelluksen visuaalinen esitys h\u00e4lytyksist\u00e4 antaa selke\u00e4n kokonaiskuvan asiakkaan turvapuhelimen k\u00e4yt\u00f6st\u00e4. H\u00e4lytysk\u00e4ytt\u00e4ytyminen ja siin\u00e4 tapahtuvat muutokset, kuten h\u00e4lytysten m\u00e4\u00e4r\u00e4t ja syyt sek\u00e4 h\u00e4lytysten vuorokausirytmi, auttavat arvioimaan asiakkaan toimintakyvyss\u00e4 ja palvelutarpeessa tapahtuvia muutoksia.<\/p>\r\n\r\n\r\n\r\n<h3 id=\"wp-block-themeisle-blocks-advanced-heading-d3256ca7\" class=\"wp-block-themeisle-blocks-advanced-heading wp-block-themeisle-blocks-advanced-heading-d3256ca7\">Asiakkaasta<\/h3>\r\n\r\n\r\n\r\n<p id=\"wp-block-themeisle-blocks-advanced-heading-d9ab45bd\" class=\"wp-block-themeisle-blocks-advanced-heading wp-block-themeisle-blocks-advanced-heading-d9ab45bd\">Etel\u00e4-Savon hyvinvointialue Eloisa tuottaa, kehitt\u00e4\u00e4 ja j\u00e4rjest\u00e4\u00e4 sosiaali- ja terveyspalveluja sek\u00e4 pelastustoimen palveluja 12 kunnan alueella 133 tuhannelle Etel\u00e4-Savon maakunnan asukkaalle. Hyvinvointialue on kunnista ja valtiosta erillinen julkisoikeudellinen yhteis\u00f6, jolla on alueellaan itsehallinto. Suomessa on 21 hyvinvointialuetta.<\/p>\r\n<\/div>\r\n<\/div><\/div>","protected":false},"excerpt":{"rendered":"","protected":false},"author":226723938,"featured_media":0,"parent":0,"menu_order":0,"comment_status":"closed","ping_status":"closed","template":"","meta":{"_uag_custom_page_level_css":"","neve_meta_sidebar":"","neve_meta_container":"","neve_meta_enable_content_width":"off","neve_meta_content_width":100,"neve_meta_title_alignment":"","neve_meta_author_avatar":"","neve_post_elements_order":"","neve_meta_disable_header":"","neve_meta_disable_footer":"","neve_meta_disable_title":"","neve_meta_reading_time":"","_themeisle_gutenberg_block_has_review":false,"footnotes":""},"class_list":["post-2635","page","type-page","status-publish","hentry"],"uagb_featured_image_src":{"full":false,"thumbnail":false,"medium":false,"medium_large":false,"large":false,"1536x1536":false,"2048x2048":false,"trp-custom-language-flag":false,"neve-blog":false},"uagb_author_info":{"display_name":"gillieai","author_link":"https:\/\/gillie.ai\/fi\/author\/gillieai\/"},"uagb_comment_info":0,"uagb_excerpt":null,"_links":{"self":[{"href":"https:\/\/gillie.ai\/fi\/wp-json\/wp\/v2\/pages\/2635","targetHints":{"allow":["GET"]}}],"collection":[{"href":"https:\/\/gillie.ai\/fi\/wp-json\/wp\/v2\/pages"}],"about":[{"href":"https:\/\/gillie.ai\/fi\/wp-json\/wp\/v2\/types\/page"}],"author":[{"embeddable":true,"href":"https:\/\/gillie.ai\/fi\/wp-json\/wp\/v2\/users\/226723938"}],"replies":[{"embeddable":true,"href":"https:\/\/gillie.ai\/fi\/wp-json\/wp\/v2\/comments?post=2635"}],"version-history":[{"count":12,"href":"https:\/\/gillie.ai\/fi\/wp-json\/wp\/v2\/pages\/2635\/revisions"}],"predecessor-version":[{"id":3002,"href":"https:\/\/gillie.ai\/fi\/wp-json\/wp\/v2\/pages\/2635\/revisions\/3002"}],"wp:attachment":[{"href":"https:\/\/gillie.ai\/fi\/wp-json\/wp\/v2\/media?parent=2635"}],"curies":[{"name":"wp","href":"https:\/\/api.w.org\/{rel}","templated":true}]}}