{"id":1515,"date":"2023-02-15T15:31:09","date_gmt":"2023-02-15T13:31:09","guid":{"rendered":"https:\/\/testgillieai.wpcomstaging.com\/?page_id=1515"},"modified":"2025-11-21T01:31:31","modified_gmt":"2025-11-20T23:31:31","slug":"home-2","status":"publish","type":"page","link":"https:\/\/gillie.ai\/fi\/","title":{"rendered":"Home"},"content":{"rendered":"<div class=\"wp-block-cover has-custom-content-position is-position-bottom-left\">\n<p><img decoding=\"async\" class=\"wp-block-cover__image-background wp-image-556\" src=\"\/wp-content\/uploads\/2023\/03\/hand-1.jpg\" alt=\"\" data-object-fit=\"cover\" \/><\/p>\n<div class=\"wp-block-cover__inner-container is-layout-flow wp-block-cover-is-layout-flow\">\n<div id=\"wp-block-themeisle-blocks-advanced-columns-ae3b1112\" class=\"wp-block-themeisle-blocks-advanced-columns has-1-columns has-desktop-equal-layout has-tablet-equal-layout has-mobile-equal-layout has-vertical-unset\">\n<div class=\"wp-block-themeisle-blocks-advanced-columns-overlay\"><\/div>\n<div class=\"innerblocks-wrap\">\n<div id=\"wp-block-themeisle-blocks-advanced-column-16df12bf\" class=\"wp-block-themeisle-blocks-advanced-column\">\n<h2 id=\"wp-block-themeisle-blocks-advanced-heading-faf2502b\" class=\"wp-block-themeisle-blocks-advanced-heading wp-block-themeisle-blocks-advanced-heading-faf2502b\"><strong>Seuraa kotona asuvia asiakkaita teko\u00e4lyn avulla<\/strong><\/h2>\n<\/div>\n<\/div>\n<\/div>\n<\/div>\n<\/div>\n<div id=\"wp-block-themeisle-blocks-advanced-columns-6bb8e62c\" class=\"wp-block-themeisle-blocks-advanced-columns has-1-columns has-desktop-equal-layout has-tablet-equal-layout has-mobile-equal-layout has-vertical-unset has-light-bg\">\n<div class=\"wp-block-themeisle-blocks-advanced-columns-overlay\"><\/div>\n<h2 class=\"gllie-kpis-title\" style=\"padding: 50px 0 20px 40px; margin: 0;\">Mit\u00e4 me teemme<\/h2>\n<div id=\"wp-block-themeisle-blocks-advanced-columns-94a995b9\" class=\"wp-block-themeisle-blocks-advanced-columns has-1-columns has-desktop-equal-layout has-tablet-equal-layout has-mobile-equal-layout has-vertical-unset has-light-bg\">\n<div class=\"wp-block-themeisle-blocks-advanced-columns-overlay\"><\/div>\n<div class=\"innerblocks-wrap\">\n<div id=\"wp-block-themeisle-blocks-advanced-column-3835459d\" class=\"wp-block-themeisle-blocks-advanced-column\">\n<div class=\"wp-block-jetpack-layout-grid column1-desktop-grid__span-4 column1-desktop-grid__row-1 column2-desktop-grid__span-4 column2-desktop-grid__start-5 column2-desktop-grid__row-1 column3-desktop-grid__span-4 column3-desktop-grid__start-9 column3-desktop-grid__row-1 column1-tablet-grid__span-4 column1-tablet-grid__row-1 column2-tablet-grid__span-4 column2-tablet-grid__start-5 column2-tablet-grid__row-1 column3-tablet-grid__span-4 column3-tablet-grid__row-2 column1-mobile-grid__span-4 column1-mobile-grid__row-1 column2-mobile-grid__span-4 column2-mobile-grid__row-2 column3-mobile-grid__span-4 column3-mobile-grid__row-3\">\n<div class=\"wp-block-jetpack-layout-grid-column wp-block-jetpack-layout-grid__padding-none\">\n<figure class=\"wp-block-image size-full ticss-93d64235\"><a href=\"\/fi\/home-care\/\"><img loading=\"lazy\" decoding=\"async\" class=\"wp-image-2328\" src=\"\/wp-content\/uploads\/2023\/03\/old_gentleman-1.jpg\" sizes=\"auto, (max-width: 724px) 100vw, 724px\" srcset=\"https:\/\/gillie.ai\/wp-content\/uploads\/2023\/03\/old_gentleman-1.jpg 724w, https:\/\/gillie.ai\/wp-content\/uploads\/2023\/03\/old_gentleman-1-300x200.jpg 300w, https:\/\/gillie.ai\/wp-content\/uploads\/2023\/03\/old_gentleman-1-18x12.jpg 18w\" alt=\"\" width=\"724\" height=\"482\" \/><\/a><figcaption class=\"wp-element-caption\"><a href=\"\/fi\/home-care\/\"><strong>Teko\u00e4ly kotihoitoon<\/strong><br \/>\nTeko\u00e4ly n\u00e4ytt\u00e4\u00e4 muutokset asiakkaiden toimintakyvyss\u00e4 ja hyvinvoinnissa<\/a>.<\/figcaption><\/figure>\n<\/div>\n<div class=\"wp-block-jetpack-layout-grid-column wp-block-jetpack-layout-grid__padding-none\">\n<figure class=\"wp-block-image size-full ticss-d3688f64\"><a href=\"\/fi\/nursing-homes\/\"><img loading=\"lazy\" decoding=\"async\" class=\"wp-image-2692\" src=\"\/wp-content\/uploads\/2023\/04\/chess-small.jpg\" sizes=\"auto, (max-width: 724px) 100vw, 724px\" srcset=\"https:\/\/gillie.ai\/wp-content\/uploads\/2023\/04\/chess-small.jpg 724w, https:\/\/gillie.ai\/wp-content\/uploads\/2023\/04\/chess-small-300x200.jpg 300w, https:\/\/gillie.ai\/wp-content\/uploads\/2023\/04\/chess-small-18x12.jpg 18w\" alt=\"\" width=\"724\" height=\"483\" \/><\/a><figcaption class=\"wp-element-caption\"><a href=\"\/fi\/nursing-homes\/\"><strong>Teko\u00e4ly hoivakotiin<br \/>\n<\/strong>Teko\u00e4ly muuttaa hoitoty\u00f6n tietoty\u00f6ksi. Teko\u00e4ly n\u00e4ytt\u00e4\u00e4 muutokset asiakkaiden toimintakyvyss\u00e4 ja hyvinvoinnissa.<\/a>.<\/figcaption><\/figure>\n<\/div>\n<div class=\"wp-block-jetpack-layout-grid-column wp-block-jetpack-layout-grid__padding-none\">\n<figure class=\"wp-block-image size-full ticss-e76b5363\"><a href=\"\/fi\/medication-deviations\/\"><img loading=\"lazy\" decoding=\"async\" class=\"wp-image-2329\" src=\"\/wp-content\/uploads\/2023\/03\/medication_small-1.jpg\" sizes=\"auto, (max-width: 724px) 100vw, 724px\" srcset=\"https:\/\/gillie.ai\/wp-content\/uploads\/2023\/03\/medication_small-1.jpg 724w, https:\/\/gillie.ai\/wp-content\/uploads\/2023\/03\/medication_small-1-300x200.jpg 300w, https:\/\/gillie.ai\/wp-content\/uploads\/2023\/03\/medication_small-1-18x12.jpg 18w\" alt=\"\" width=\"724\" height=\"482\" \/><\/a><figcaption class=\"wp-element-caption\"><a href=\"\/fi\/medication-deviations\/\"><strong>Teko\u00e4ly l\u00e4\u00e4kitykseen<\/strong><br \/>\nHelppok\u00e4ytt\u00f6inen ty\u00f6kalu l\u00e4\u00e4kityksen kokonaisarviointiin<\/a>.<\/figcaption><\/figure>\n<\/div>\n<\/div>\n<div class=\"wp-block-jetpack-layout-grid column1-desktop-grid__span-4 column1-desktop-grid__row-1 column2-desktop-grid__span-4 column2-desktop-grid__start-5 column2-desktop-grid__row-1 column3-desktop-grid__span-4 column3-desktop-grid__start-9 column3-desktop-grid__row-1 column1-tablet-grid__span-4 column1-tablet-grid__row-1 column2-tablet-grid__span-4 column2-tablet-grid__start-5 column2-tablet-grid__row-1 column3-tablet-grid__span-4 column3-tablet-grid__row-2 column1-mobile-grid__span-4 column1-mobile-grid__row-1 column2-mobile-grid__span-4 column2-mobile-grid__row-2 column3-mobile-grid__span-4 column3-mobile-grid__row-3 column4-mobile-grid__span-4 column4-mobile-grid__row-4\">\n<div class=\"wp-block-jetpack-layout-grid-column wp-block-jetpack-layout-grid__padding-none\">\n<figure class=\"wp-block-image size-full ticss-265e8f28\"><a href=\"\/fi\/emergency-monitoring\/\"><img loading=\"lazy\" decoding=\"async\" class=\"wp-image-2330\" src=\"\/wp-content\/uploads\/2023\/03\/call_center_small.jpg\" sizes=\"auto, (max-width: 724px) 100vw, 724px\" srcset=\"https:\/\/gillie.ai\/wp-content\/uploads\/2023\/03\/call_center_small.jpg 724w, https:\/\/gillie.ai\/wp-content\/uploads\/2023\/03\/call_center_small-300x200.jpg 300w, https:\/\/gillie.ai\/wp-content\/uploads\/2023\/03\/call_center_small-18x12.jpg 18w\" alt=\"\" width=\"724\" height=\"483\" \/><\/a><figcaption class=\"wp-element-caption\"><a href=\"\/fi\/emergency-monitoring\/\"><strong>Teko\u00e4ly turvapuheluihin<\/strong><br \/>\nTeko\u00e4ly ennakoi turvapuhelut ja v\u00e4hent\u00e4\u00e4 turva-auttamisk\u00e4yntej\u00e4<\/a><\/figcaption><\/figure>\n<\/div>\n<div class=\"wp-block-jetpack-layout-grid-column wp-block-jetpack-layout-grid__padding-none\">\n<figure class=\"wp-block-image size-full ticss-ac85cd71\"><a href=\"\/fi\/iot\/\"><img loading=\"lazy\" decoding=\"async\" class=\"wp-image-2332\" src=\"\/wp-content\/uploads\/2023\/03\/iot_small.jpg\" sizes=\"auto, (max-width: 724px) 100vw, 724px\" srcset=\"https:\/\/gillie.ai\/wp-content\/uploads\/2023\/03\/iot_small.jpg 724w, https:\/\/gillie.ai\/wp-content\/uploads\/2023\/03\/iot_small-300x200.jpg 300w, https:\/\/gillie.ai\/wp-content\/uploads\/2023\/03\/iot_small-18x12.jpg 18w\" alt=\"\" width=\"724\" height=\"483\" \/><\/a><figcaption class=\"wp-element-caption\"><a class=\"ek-link\" href=\"\/fi\/iot\/\"><strong>IoT-alusta<\/strong><br \/>\nMahdollistaa 24\/7 hoidon kotona<\/a><\/figcaption><\/figure>\n<\/div>\n<\/div>\n<\/div>\n<\/div>\n<\/div>\n <div \n        id=\"wp-block-themeisle-blocks-advanced-columns-gllie-kpis\"\n             class=\"wp-block-themeisle-blocks-advanced-columns has-1-columns              has-desktop-equal-layout has-tablet-equal-layout              has-mobile-equal-layout has-vertical-unset has-light-bg\" \n             style=\"background:transparent;\">\n          <div class=\"wp-block-themeisle-blocks-advanced-columns-overlay\" \n          style=\"background:transparent;\"><\/div> <div class=\"innerblocks-wrap\" \n          style=\"background:#efefef;\">\n            <h2 class=\"gllie-kpis-title\" style=\"padding:50px 0 20px             40px;margin:0;\">Mist\u00e4 olemme ylpeit\u00e4<\/h2> <section id=\"gllie-kpis\">\n              <div class=\"kpi\"> <div class=\"kpi-value\">372M<\/div> <div \n                class=\"kpi-label\">ker\u00e4tty\u00e4 havaintoa<\/div>\n              <\/div> <div class=\"kpi\"> <div class=\"kpi-value\">96%<\/div> <div class=\"kpi-label\">teko\u00e4lyn tarkkuus<\/div>\n              <\/div> <div class=\"kpi\"> <div class=\"kpi-value\">97k<\/div> <div class=\"kpi-label\">asiakasta<\/div>\n              <\/div> <div class=\"kpi\"> <div class=\"kpi-value\">78<\/div> <div class=\"kpi-label\">asiakasorganisaatiota<\/div>\n              <\/div> <\/section> <style>\n              #gllie-kpis {\n                max-width: 1200px; margin: 0 auto; padding: 0 20px 50px 20px; \n                display: grid; grid-template-columns: repeat(4, 1fr); gap: 40px;\n              }\n              #gllie-kpis .kpi-value {\n                font-size: 3.4rem; font-weight: 700; line-height: 1.05;\n              }\n              #gllie-kpis .kpi-label {\n                font-size: 1.6rem; margin-top: .5rem;\n              }\n              @media (max-width: 1024px) {\n                #gllie-kpis {\n                  grid-template-columns: repeat(3, 1fr);\n                }\n              }\n              @media (max-width: 768px) {\n                #gllie-kpis {\n                  grid-template-columns: repeat(2, 1fr);\n                }\n              }\n              @media (max-width: 520px) {\n                #gllie-kpis {\n                  grid-template-columns: 1fr;\n                }\n              }\n            <\/style> <\/div> <\/div> \n<div id=\"wp-block-themeisle-blocks-advanced-columns-6bb8e62c\" class=\"wp-block-themeisle-blocks-advanced-columns has-1-columns has-desktop-equal-layout has-tablet-equal-layout has-mobile-equal-layout has-vertical-unset has-light-bg\">\n<div class=\"wp-block-themeisle-blocks-advanced-columns-overlay\"><\/div>\n<div class=\"innerblocks-wrap\">\n<div id=\"wp-block-themeisle-blocks-advanced-column-7f80b476\" class=\"wp-block-themeisle-blocks-advanced-column\">\n<div class=\"wp-block-jetpack-layout-grid column1-desktop-grid__span-3 column1-desktop-grid__row-1 column2-desktop-grid__span-3 column2-desktop-grid__start-4 column2-desktop-grid__row-1 column3-desktop-grid__span-3 column3-desktop-grid__start-7 column3-desktop-grid__row-1 column4-desktop-grid__span-3 column4-desktop-grid__start-10 column4-desktop-grid__row-1 column1-tablet-grid__span-4 column1-tablet-grid__row-1 column2-tablet-grid__span-4 column2-tablet-grid__start-5 column2-tablet-grid__row-1 column3-tablet-grid__span-4 column3-tablet-grid__row-2 column4-tablet-grid__span-4 column4-tablet-grid__start-5 column4-tablet-grid__row-2 column1-mobile-grid__span-4 column1-mobile-grid__row-1 column2-mobile-grid__span-4 column2-mobile-grid__row-2 column3-mobile-grid__span-4 column3-mobile-grid__row-3 column4-mobile-grid__span-4 column4-mobile-grid__row-4\">\n<div class=\"wp-block-jetpack-layout-grid-column wp-block-jetpack-layout-grid__padding-none\">\n<figure class=\"wp-block-image size-full\"><a href=\"\/fi\/case-hyvaep\/\"><img loading=\"lazy\" decoding=\"async\" class=\"wp-image-2684\" src=\"\/wp-content\/uploads\/2023\/04\/case-stetoscope-small.jpg\" sizes=\"auto, (max-width: 724px) 100vw, 724px\" srcset=\"https:\/\/gillie.ai\/wp-content\/uploads\/2023\/04\/case-stetoscope-small.jpg 724w, https:\/\/gillie.ai\/wp-content\/uploads\/2023\/04\/case-stetoscope-small-300x200.jpg 300w, https:\/\/gillie.ai\/wp-content\/uploads\/2023\/04\/case-stetoscope-small-18x12.jpg 18w\" alt=\"\" width=\"724\" height=\"483\" \/><\/a><figcaption class=\"wp-element-caption\"><a href=\"\/fi\/case-hyvaep\/\" data-type=\"page\" data-id=\"1900\"><b>Etel\u00e4-Pohjanmaan hyvinvointialue<\/b> \u2013 Teko\u00e4ly kotihoitoon ennustaa muutokset kotihoidon asiakkaiden toimintakyvyss\u00e4 ja hyvinvoinnissa.<\/a><\/figcaption><\/figure>\n<\/div>\n<div class=\"wp-block-jetpack-layout-grid-column wp-block-jetpack-layout-grid__padding-none\">\n<figure class=\"wp-block-image size-full\"><a href=\"\/fi\/case-paijat-sote\/\"><img loading=\"lazy\" decoding=\"async\" class=\"wp-image-2652\" src=\"\/wp-content\/uploads\/2023\/04\/case-medication-small.jpg\" sizes=\"auto, (max-width: 724px) 100vw, 724px\" srcset=\"https:\/\/gillie.ai\/wp-content\/uploads\/2023\/04\/case-medication-small.jpg 724w, https:\/\/gillie.ai\/wp-content\/uploads\/2023\/04\/case-medication-small-300x200.jpg 300w, https:\/\/gillie.ai\/wp-content\/uploads\/2023\/04\/case-medication-small-18x12.jpg 18w\" alt=\"\" width=\"724\" height=\"483\" \/><\/a><figcaption class=\"wp-element-caption\"><a href=\"\/fi\/case-paijat-sote\/\" data-type=\"page\" data-id=\"1900\"><b>P\u00e4ij\u00e4t-H\u00e4meen hyvinvointialue<\/b> \u2013 Teko\u00e4ly l\u00e4\u00e4kityksen autyaa l\u00e4\u00e4kityksen arvioinnissa.<\/a><\/figcaption><\/figure>\n<\/div>\n<div class=\"wp-block-jetpack-layout-grid-column wp-block-jetpack-layout-grid__padding-none\">\n<figure class=\"wp-block-image size-full\"><a href=\"\/fi\/case-hovi-group\/\"><img loading=\"lazy\" decoding=\"async\" class=\"wp-image-2678\" src=\"\/wp-content\/uploads\/2023\/04\/case-smiling-small.jpg\" sizes=\"auto, (max-width: 724px) 100vw, 724px\" srcset=\"https:\/\/gillie.ai\/wp-content\/uploads\/2023\/04\/case-smiling-small.jpg 724w, https:\/\/gillie.ai\/wp-content\/uploads\/2023\/04\/case-smiling-small-300x200.jpg 300w, https:\/\/gillie.ai\/wp-content\/uploads\/2023\/04\/case-smiling-small-18x12.jpg 18w\" alt=\"\" width=\"724\" height=\"483\" \/><\/a><figcaption class=\"wp-element-caption\"><a href=\"\/fi\/case-hovi-group\/\" data-type=\"page\" data-id=\"2631\"><b>HoviKoti<\/b> \u2013 Teko\u00e4ly hoitakotiin seuraa asukkaiden el\u00e4m\u00e4nlaatua ja auttaa hoitohenkil\u00f6kuntaa parantamaan sit\u00e4.<\/a><\/figcaption><\/figure>\n<\/div>\n<div class=\"wp-block-jetpack-layout-grid-column wp-block-jetpack-layout-grid__padding-none\">\n<figure class=\"wp-block-image size-full\"><a href=\"\/fi\/case-ekhva\/\"><img loading=\"lazy\" decoding=\"async\" class=\"wp-image-2676\" src=\"\/wp-content\/uploads\/2023\/04\/case-blood-pressure-small.jpg\" sizes=\"auto, (max-width: 724px) 100vw, 724px\" srcset=\"https:\/\/gillie.ai\/wp-content\/uploads\/2023\/04\/case-blood-pressure-small.jpg 724w, https:\/\/gillie.ai\/wp-content\/uploads\/2023\/04\/case-blood-pressure-small-300x200.jpg 300w, https:\/\/gillie.ai\/wp-content\/uploads\/2023\/04\/case-blood-pressure-small-18x12.jpg 18w\" alt=\"\" width=\"724\" height=\"483\" \/><\/a><figcaption class=\"wp-element-caption\"><a href=\"\/fi\/case-ekhva\/\" data-type=\"page\" data-id=\"2631\"><b>Etel\u00e4-Karjalan hyvinvointialue<\/b> \u2013 Gillie IoT monitors the devices of customers living at home.<\/a><\/figcaption><\/figure>\n<\/div>\n<\/div>\n<div class=\"wp-block-jetpack-layout-grid column1-desktop-grid__span-3 column1-desktop-grid__row-1 column2-desktop-grid__span-3 column2-desktop-grid__start-4 column2-desktop-grid__row-1 column3-desktop-grid__span-3 column3-desktop-grid__start-7 column3-desktop-grid__row-1 column4-desktop-grid__span-3 column4-desktop-grid__start-10 column4-desktop-grid__row-1 column1-tablet-grid__span-4 column1-tablet-grid__row-1 column2-tablet-grid__span-4 column2-tablet-grid__start-5 column2-tablet-grid__row-1 column3-tablet-grid__span-4 column3-tablet-grid__row-2 column4-tablet-grid__span-4 column4-tablet-grid__start-5 column4-tablet-grid__row-2 column1-mobile-grid__span-4 column1-mobile-grid__row-1 column2-mobile-grid__span-4 column2-mobile-grid__row-2 column3-mobile-grid__span-4 column3-mobile-grid__row-3 column4-mobile-grid__span-4 column4-mobile-grid__row-4\">\n<div class=\"wp-block-jetpack-layout-grid-column wp-block-jetpack-layout-grid__padding-none\">\n<figure class=\"wp-block-image size-full\"><a href=\"\/fi\/case-eloisa\/\"><img loading=\"lazy\" decoding=\"async\" class=\"wp-image-2668\" src=\"\/wp-content\/uploads\/2023\/04\/case-emergency-button2-small.jpg\" sizes=\"auto, (max-width: 724px) 100vw, 724px\" srcset=\"https:\/\/gillie.ai\/wp-content\/uploads\/2023\/04\/case-emergency-button2-small.jpg 724w, https:\/\/gillie.ai\/wp-content\/uploads\/2023\/04\/case-emergency-button2-small-300x200.jpg 300w, https:\/\/gillie.ai\/wp-content\/uploads\/2023\/04\/case-emergency-button2-small-18x12.jpg 18w\" alt=\"\" width=\"724\" height=\"483\" \/><\/a><figcaption class=\"wp-element-caption\"><a href=\"\/fi\/case-eloisa\/\" data-type=\"page\" data-id=\"2635\"><strong>Etel\u00e4-Savon hyvinvointialue<\/strong> \u2013 Teko\u00e4ly turvapuheluihin auttaa hoitohenkil\u00f6kuntaa reagoimaan asiakkaiden palvelutarpeiden muutoksiin.<\/a><\/figcaption><\/figure>\n<\/div>\n<div class=\"wp-block-jetpack-layout-grid-column wp-block-jetpack-layout-grid__padding-none\"><\/div>\n<div class=\"wp-block-jetpack-layout-grid-column wp-block-jetpack-layout-grid__padding-none\"><\/div>\n<div class=\"wp-block-jetpack-layout-grid-column wp-block-jetpack-layout-grid__padding-none\"><\/div>\n<\/div>\n<\/div>\n<\/div>\n<\/div>\n<div id=\"wp-block-themeisle-blocks-advanced-columns-62c90e1d\" class=\"wp-block-themeisle-blocks-advanced-columns has-1-columns has-desktop-equal-layout has-tablet-equal-layout has-mobile-equal-layout has-vertical-unset has-light-bg\">\n<div class=\"wp-block-themeisle-blocks-advanced-columns-overlay\"><\/div>\n<div class=\"innerblocks-wrap\">\n<div id=\"wp-block-themeisle-blocks-advanced-column-8a73affa\" class=\"wp-block-themeisle-blocks-advanced-column\"><\/div>\n<\/div>\n<\/div>\n<\/div>","protected":false},"excerpt":{"rendered":"<p>Artificial intelligence monitors clients at home What we do Gillie.AI for Home Care Artificial intelligence shows changes in customers\u2019 functional ability and well-being. Gillie.AI for Nursing Homes Artificial intelligence transforms nursing into knowledge work. Artificial intelligence shows changes in customers\u2019 functonal ability and well-being. Gillie.AI for Medication An easy-to-use tool for comprehensive assessment of medication.&hellip;&nbsp;<a href=\"https:\/\/gillie.ai\/fi\/\" rel=\"bookmark\">Lue lis\u00e4\u00e4 &raquo;<span class=\"screen-reader-text\">Home<\/span><\/a><\/p>","protected":false},"author":226723938,"featured_media":0,"parent":0,"menu_order":0,"comment_status":"closed","ping_status":"closed","template":"","meta":{"_uag_custom_page_level_css":"","neve_meta_sidebar":"","neve_meta_container":"","neve_meta_enable_content_width":"off","neve_meta_content_width":100,"neve_meta_title_alignment":"","neve_meta_author_avatar":"","neve_post_elements_order":"","neve_meta_disable_header":"","neve_meta_disable_footer":"","neve_meta_disable_title":"","_themeisle_gutenberg_block_has_review":false,"footnotes":""},"class_list":["post-1515","page","type-page","status-publish","hentry"],"uagb_featured_image_src":{"full":false,"thumbnail":false,"medium":false,"medium_large":false,"large":false,"1536x1536":false,"2048x2048":false,"trp-custom-language-flag":false,"neve-blog":false},"uagb_author_info":{"display_name":"gillieai","author_link":"https:\/\/gillie.ai\/fi\/author\/gillieai\/"},"uagb_comment_info":0,"uagb_excerpt":"Artificial intelligence monitors clients at home What we do Gillie.AI for Home Care Artificial intelligence shows changes in customers\u2019 functional ability and well-being. Gillie.AI for Nursing Homes Artificial intelligence transforms nursing into knowledge work. Artificial intelligence shows changes in customers\u2019 functonal ability and well-being. Gillie.AI for Medication An easy-to-use tool for comprehensive assessment of medication.&hellip;&nbsp;Lue&hellip;","_links":{"self":[{"href":"https:\/\/gillie.ai\/fi\/wp-json\/wp\/v2\/pages\/1515","targetHints":{"allow":["GET"]}}],"collection":[{"href":"https:\/\/gillie.ai\/fi\/wp-json\/wp\/v2\/pages"}],"about":[{"href":"https:\/\/gillie.ai\/fi\/wp-json\/wp\/v2\/types\/page"}],"author":[{"embeddable":true,"href":"https:\/\/gillie.ai\/fi\/wp-json\/wp\/v2\/users\/226723938"}],"replies":[{"embeddable":true,"href":"https:\/\/gillie.ai\/fi\/wp-json\/wp\/v2\/comments?post=1515"}],"version-history":[{"count":180,"href":"https:\/\/gillie.ai\/fi\/wp-json\/wp\/v2\/pages\/1515\/revisions"}],"predecessor-version":[{"id":2995,"href":"https:\/\/gillie.ai\/fi\/wp-json\/wp\/v2\/pages\/1515\/revisions\/2995"}],"wp:attachment":[{"href":"https:\/\/gillie.ai\/fi\/wp-json\/wp\/v2\/media?parent=1515"}],"curies":[{"name":"wp","href":"https:\/\/api.w.org\/{rel}","templated":true}]}}