{"id":1169,"date":"2023-02-14T00:43:03","date_gmt":"2023-02-13T22:43:03","guid":{"rendered":"https:\/\/testgillieai.wpcomstaging.com\/?page_id=1169"},"modified":"2023-03-29T23:37:39","modified_gmt":"2023-03-29T20:37:39","slug":"emergency-monitoring","status":"publish","type":"page","link":"https:\/\/gillie.ai\/fi\/emergency-monitoring\/","title":{"rendered":"Emergency Monitoring"},"content":{"rendered":"<div class=\"wp-block-cover has-custom-content-position is-position-bottom-left\"><span aria-hidden=\"true\" class=\"wp-block-cover__background has-background-dim-0 has-background-dim\"><\/span><img loading=\"lazy\" decoding=\"async\" width=\"2507\" height=\"1673\" class=\"wp-block-cover__image-background wp-image-2370\" alt=\"\" src=\"\/wp-content\/uploads\/2023\/03\/call_center-1.jpg\" style=\"object-position:50% 51%\" data-object-fit=\"cover\" data-object-position=\"50% 51%\" srcset=\"https:\/\/gillie.ai\/wp-content\/uploads\/2023\/03\/call_center-1.jpg 2507w, https:\/\/gillie.ai\/wp-content\/uploads\/2023\/03\/call_center-1-300x200.jpg 300w, https:\/\/gillie.ai\/wp-content\/uploads\/2023\/03\/call_center-1-1024x683.jpg 1024w, https:\/\/gillie.ai\/wp-content\/uploads\/2023\/03\/call_center-1-768x513.jpg 768w, https:\/\/gillie.ai\/wp-content\/uploads\/2023\/03\/call_center-1-1536x1025.jpg 1536w, https:\/\/gillie.ai\/wp-content\/uploads\/2023\/03\/call_center-1-2048x1367.jpg 2048w, https:\/\/gillie.ai\/wp-content\/uploads\/2023\/03\/call_center-1-18x12.jpg 18w, https:\/\/gillie.ai\/wp-content\/uploads\/2023\/03\/call_center-1-930x620.jpg 930w\" sizes=\"auto, (max-width: 2507px) 100vw, 2507px\" \/><div class=\"wp-block-cover__inner-container is-layout-flow wp-block-cover-is-layout-flow\">\n<div id=\"wp-block-themeisle-blocks-advanced-columns-75a08569\" class=\"wp-block-themeisle-blocks-advanced-columns has-1-columns has-desktop-equal-layout has-tablet-equal-layout has-mobile-collapsedRows-layout has-vertical-unset\"><div class=\"wp-block-themeisle-blocks-advanced-columns-overlay\"><\/div><div class=\"innerblocks-wrap\">\n<div id=\"wp-block-themeisle-blocks-advanced-column-ebb6b94a\" class=\"wp-block-themeisle-blocks-advanced-column\">\n<h2 id=\"wp-block-themeisle-blocks-advanced-heading-5fbb1b11\" class=\"wp-block-themeisle-blocks-advanced-heading wp-block-themeisle-blocks-advanced-heading-5fbb1b11\"><strong>Teko\u00e4ly turvapuheluihin<\/strong><\/h2>\n<\/div>\n<\/div><\/div>\n<\/div><\/div>\n\n\n\n<h2 id=\"wp-block-themeisle-blocks-advanced-heading-7065ae14\" class=\"wp-block-themeisle-blocks-advanced-heading wp-block-themeisle-blocks-advanced-heading-7065ae14\"><strong>Teko\u00e4ly ennakoi turvapuhelut ja v\u00e4hent\u00e4\u00e4 turva-auttamisk\u00e4yntej\u00e4<\/strong><\/h2>\n\n\n\n<div class=\"wp-block-columns is-layout-flex wp-container-core-columns-is-layout-9d6595d7 wp-block-columns-is-layout-flex\">\n<div class=\"wp-block-column has-nv-text-dark-bg-background-color has-background is-layout-flow wp-block-column-is-layout-flow\" style=\"flex-basis:100%\">\n<div class=\"wp-block-uagb-tabs uagb-block-88f93664 uagb-tabs__wrap uagb-tabs__hstyle1-desktop uagb-tabs__hstyle1-tablet uagb-tabs__stack1-mobile\" data-tab-active=\"0\"><ul class=\"uagb-tabs__panel uagb-tabs__align-center\" role=\"tablist\"><li class=\"uagb-tab uagb-tabs__active\" role=\"none\"><a href=\"#uagb-tabs__tab0\" class=\"uagb-tabs-list uagb-tabs__icon-position-left\" data-tab=\"0\" role=\"tab\">Yhteenveto<\/a><\/li><li class=\"uagb-tab\" role=\"none\"><a href=\"#uagb-tabs__tab1\" class=\"uagb-tabs-list uagb-tabs__icon-position-left\" data-tab=\"1\" role=\"tab\">Ominaisuudet<\/a><\/li><\/ul><div class=\"uagb-tabs__body-wrap\">\n<div class=\"wp-block-uagb-tabs-child uagb-tabs__body-container uagb-inner-tab-0\" aria-labelledby=\"uagb-tabs__tab0\">\n<div id=\"wp-block-themeisle-blocks-advanced-columns-24035d6c\" class=\"wp-block-themeisle-blocks-advanced-columns has-1-columns has-desktop-equal-layout has-tablet-equal-layout has-mobile-equal-layout has-vertical-unset\"><div class=\"wp-block-themeisle-blocks-advanced-columns-overlay\"><\/div><div class=\"innerblocks-wrap\">\n<div id=\"wp-block-themeisle-blocks-advanced-column-7d69a5ae\" class=\"wp-block-themeisle-blocks-advanced-column o-sticky o-sticky-pos-top o-sticky-bhvr-keep o-sticky-scope-parent editorskit-no-tablet editorskit-no-mobile\">\n<p> <\/p>\n<\/div>\n<\/div><\/div>\n\n\n\n<div id=\"wp-block-themeisle-blocks-advanced-columns-9a15bd78\" class=\"wp-block-themeisle-blocks-advanced-columns has-1-columns has-desktop-oneTwo-layout has-tablet-equal-layout has-mobile-collapsedRows-layout has-vertical-unset\"><div class=\"wp-block-themeisle-blocks-advanced-columns-overlay\"><\/div><div class=\"innerblocks-wrap\">\n<div id=\"wp-block-themeisle-blocks-advanced-column-54bd5a89\" class=\"wp-block-themeisle-blocks-advanced-column\">\n<p class=\"has-drop-cap ticss-f9821791\">Teko\u00e4ly lis\u00e4\u00e4 kotihoidon asiakastyytyv\u00e4isyytt\u00e4 sek\u00e4 auttaa hoitajia ja esimiehi\u00e4 kohdentamaan hoitotoimenpiteet asiakkaisiin, jotka niist\u00e4 eniten hy\u00f6tyv\u00e4t. Gillie.AI ennakoi tehokkaasti h\u00e4t\u00e4puheluita ja auttaa v\u00e4hent\u00e4m\u00e4\u00e4n turva-auttamisk\u00e4yntej\u00e4. Teko\u00e4lyn k\u00e4ytt\u00e4minen turvapuheluiden seurannassa antaa ty\u00f6ntekij\u00f6ille mahdollisuuden tehd\u00e4 tietoon perustuvia p\u00e4\u00e4t\u00f6ksi\u00e4 teko\u00e4lyn havaintojen perusteella.<\/p>\n<\/div>\n<\/div><\/div>\n\n\n\n<h2 id=\"wp-block-themeisle-blocks-advanced-heading-956ec3d0\" class=\"wp-block-themeisle-blocks-advanced-heading wp-block-themeisle-blocks-advanced-heading-956ec3d0\"><strong>Hy\u00f6dyt<\/strong><\/h2>\n\n\n\n<div class=\"wp-block-jetpack-layout-grid column1-desktop-grid__span-4 column1-desktop-grid__row-1 column2-desktop-grid__span-4 column2-desktop-grid__start-5 column2-desktop-grid__row-1 column3-desktop-grid__span-4 column3-desktop-grid__start-9 column3-desktop-grid__row-1 column1-tablet-grid__span-4 column1-tablet-grid__row-1 column2-tablet-grid__span-4 column2-tablet-grid__start-5 column2-tablet-grid__row-1 column3-tablet-grid__span-4 column3-tablet-grid__row-2 column1-mobile-grid__span-4 column1-mobile-grid__row-1 column2-mobile-grid__span-4 column2-mobile-grid__row-2 column3-mobile-grid__span-4 column3-mobile-grid__row-3\">\n<div class=\"wp-block-jetpack-layout-grid-column wp-block-jetpack-layout-grid__padding-medium\">\n<figure class=\"wp-block-image size-full\"><img loading=\"lazy\" decoding=\"async\" width=\"724\" height=\"485\" src=\"\/wp-content\/uploads\/2023\/03\/benefit_1.jpg\" alt=\"\" class=\"wp-image-2337\" srcset=\"https:\/\/gillie.ai\/wp-content\/uploads\/2023\/03\/benefit_1.jpg 724w, https:\/\/gillie.ai\/wp-content\/uploads\/2023\/03\/benefit_1-300x201.jpg 300w, https:\/\/gillie.ai\/wp-content\/uploads\/2023\/03\/benefit_1-18x12.jpg 18w\" sizes=\"auto, (max-width: 724px) 100vw, 724px\" \/><figcaption class=\"wp-element-caption\"><strong><span style=\"font-size:25px\">Lis\u00e4\u00e4 asiakkaan kokemaan turvallisuutta<\/span><\/strong><br>Kotihoito kykenee reagoimaan asiakkaan voinnin poikkeamiin etuk\u00e4teen, jolloin tarve turvah\u00e4lytysten tekemiseen v\u00e4henee.<\/figcaption><\/figure>\n<\/div>\n\n\n\n<div class=\"wp-block-jetpack-layout-grid-column wp-block-jetpack-layout-grid__padding-medium\">\n<figure class=\"wp-block-image size-full\"><img loading=\"lazy\" decoding=\"async\" width=\"724\" height=\"482\" src=\"\/wp-content\/uploads\/2023\/03\/benefit_2.jpg\" alt=\"\" class=\"wp-image-2339\" srcset=\"https:\/\/gillie.ai\/wp-content\/uploads\/2023\/03\/benefit_2.jpg 724w, https:\/\/gillie.ai\/wp-content\/uploads\/2023\/03\/benefit_2-300x200.jpg 300w, https:\/\/gillie.ai\/wp-content\/uploads\/2023\/03\/benefit_2-18x12.jpg 18w\" sizes=\"auto, (max-width: 724px) 100vw, 724px\" \/><figcaption class=\"wp-element-caption\"><strong><span style=\"font-size:25px\">V\u00e4hent\u00e4\u00e4 aiheettomia turvapuheluita<\/span><\/strong><br>Gillie.AI l\u00f6yt\u00e4\u00e4 toistuvia aiheettomia h\u00e4lytyksi\u00e4 tekev\u00e4t asiakkaat ja ehdottaa toimenpiteit\u00e4, joilla turhia h\u00e4lytyksi\u00e4 saa v\u00e4hennetty\u00e4.<\/figcaption><\/figure>\n<\/div>\n\n\n\n<div class=\"wp-block-jetpack-layout-grid-column wp-block-jetpack-layout-grid__padding-medium\">\n<figure class=\"wp-block-image size-full\"><img loading=\"lazy\" decoding=\"async\" width=\"724\" height=\"483\" src=\"\/wp-content\/uploads\/2023\/03\/benefit_3.jpg\" alt=\"\" class=\"wp-image-2340\" srcset=\"https:\/\/gillie.ai\/wp-content\/uploads\/2023\/03\/benefit_3.jpg 724w, https:\/\/gillie.ai\/wp-content\/uploads\/2023\/03\/benefit_3-300x200.jpg 300w, https:\/\/gillie.ai\/wp-content\/uploads\/2023\/03\/benefit_3-18x12.jpg 18w\" sizes=\"auto, (max-width: 724px) 100vw, 724px\" \/><figcaption class=\"wp-element-caption\"><strong><span style=\"font-size:25px\">V\u00e4hent\u00e4\u00e4 turva-auttamisk\u00e4yntej\u00e4<\/span><\/strong><br>Alusta ennakoi osan turva-auttamisk\u00e4ynneist\u00e4, jolloin niiden syyt kyet\u00e4\u00e4n selvitt\u00e4m\u00e4\u00e4n ja hoitamaan suunniteltujen kotik\u00e4yntien yhteydess\u00e4.<\/figcaption><\/figure>\n<\/div>\n<\/div>\n\n\n\n<div class=\"wp-block-jetpack-layout-grid column1-desktop-grid__span-4 column1-desktop-grid__row-1 column2-desktop-grid__span-4 column2-desktop-grid__start-5 column2-desktop-grid__row-1 column3-desktop-grid__span-4 column3-desktop-grid__start-9 column3-desktop-grid__row-1 column1-tablet-grid__span-4 column1-tablet-grid__row-1 column2-tablet-grid__span-4 column2-tablet-grid__start-5 column2-tablet-grid__row-1 column3-tablet-grid__span-4 column3-tablet-grid__row-2 column1-mobile-grid__span-4 column1-mobile-grid__row-1 column2-mobile-grid__span-4 column2-mobile-grid__row-2 column3-mobile-grid__span-4 column3-mobile-grid__row-3\">\n<div class=\"wp-block-jetpack-layout-grid-column wp-block-jetpack-layout-grid__padding-medium\">\n<figure class=\"wp-block-image size-full\"><img loading=\"lazy\" decoding=\"async\" width=\"724\" height=\"483\" src=\"\/wp-content\/uploads\/2023\/03\/benefit_4.jpg\" alt=\"\" class=\"wp-image-2341\" srcset=\"https:\/\/gillie.ai\/wp-content\/uploads\/2023\/03\/benefit_4.jpg 724w, https:\/\/gillie.ai\/wp-content\/uploads\/2023\/03\/benefit_4-300x200.jpg 300w, https:\/\/gillie.ai\/wp-content\/uploads\/2023\/03\/benefit_4-18x12.jpg 18w\" sizes=\"auto, (max-width: 724px) 100vw, 724px\" \/><figcaption class=\"wp-element-caption\"><strong><span style=\"font-size:25px\">Yhteenveto turvapuheluk\u00e4ytt\u00e4tymisest\u00e4<\/span><\/strong><br>Kotihoidon esimiehet n\u00e4kev\u00e4t yhteenvedon asiakkaiden turvapuhelink\u00e4ytt\u00e4ytymisest\u00e4 sek\u00e4 miten kotihoidon ty\u00f6ntekij\u00e4t ovat reagoineet poikkeamiin.<\/figcaption><\/figure>\n<\/div>\n\n\n\n<div class=\"wp-block-jetpack-layout-grid-column wp-block-jetpack-layout-grid__padding-medium\"><\/div>\n\n\n\n<div class=\"wp-block-jetpack-layout-grid-column wp-block-jetpack-layout-grid__padding-medium\"><\/div>\n<\/div>\n<\/div>\n\n\n\n<div class=\"wp-block-uagb-tabs-child uagb-tabs__body-container uagb-inner-tab-1\" aria-labelledby=\"uagb-tabs__tab1\">\n<div class=\"wp-block-jetpack-layout-grid column1-desktop-grid__span-4 column1-desktop-grid__row-1 column2-desktop-grid__span-4 column2-desktop-grid__start-5 column2-desktop-grid__row-1 column3-desktop-grid__span-4 column3-desktop-grid__start-9 column3-desktop-grid__row-1 column1-tablet-grid__span-4 column1-tablet-grid__row-1 column2-tablet-grid__span-4 column2-tablet-grid__start-5 column2-tablet-grid__row-1 column3-tablet-grid__span-4 column3-tablet-grid__row-2 column1-mobile-grid__span-4 column1-mobile-grid__row-1 column2-mobile-grid__span-4 column2-mobile-grid__row-2 column3-mobile-grid__span-4 column3-mobile-grid__row-3\">\n<div class=\"wp-block-jetpack-layout-grid-column wp-block-jetpack-layout-grid__padding-medium\">\n<figure class=\"wp-block-image size-full\"><img loading=\"lazy\" decoding=\"async\" width=\"724\" height=\"482\" src=\"\/wp-content\/uploads\/2023\/03\/desktop2.jpg\" alt=\"\" class=\"wp-image-2342\" srcset=\"https:\/\/gillie.ai\/wp-content\/uploads\/2023\/03\/desktop2.jpg 724w, https:\/\/gillie.ai\/wp-content\/uploads\/2023\/03\/desktop2-300x200.jpg 300w, https:\/\/gillie.ai\/wp-content\/uploads\/2023\/03\/desktop2-18x12.jpg 18w\" sizes=\"auto, (max-width: 724px) 100vw, 724px\" \/><figcaption class=\"wp-element-caption\"><strong><span style=\"font-size:25px\">Visualisointi<\/span><\/strong><br>N\u00e4ytt\u00e4\u00e4 asiakkaan turvapuhelink\u00e4ytt\u00e4ytymisen helposti ymm\u00e4rrett\u00e4v\u00e4n\u00e4 visualisaationa.<\/figcaption><\/figure>\n<\/div>\n\n\n\n<div class=\"wp-block-jetpack-layout-grid-column wp-block-jetpack-layout-grid__padding-medium\">\n<figure class=\"wp-block-image size-full\"><img loading=\"lazy\" decoding=\"async\" width=\"724\" height=\"482\" src=\"\/wp-content\/uploads\/2023\/03\/alarm-3.jpg\" alt=\"\" class=\"wp-image-2343\" srcset=\"https:\/\/gillie.ai\/wp-content\/uploads\/2023\/03\/alarm-3.jpg 724w, https:\/\/gillie.ai\/wp-content\/uploads\/2023\/03\/alarm-3-300x200.jpg 300w, https:\/\/gillie.ai\/wp-content\/uploads\/2023\/03\/alarm-3-18x12.jpg 18w\" sizes=\"auto, (max-width: 724px) 100vw, 724px\" \/><figcaption class=\"wp-element-caption\"><strong><span style=\"font-size:25px\">Turvapuhelink\u00e4ytt\u00e4ytyminen<\/span><\/strong><br>Analysoi asiakkaan turvapuhelink\u00e4ytt\u00e4ytymisen, mukaan lukien puheluiden m\u00e4\u00e4r\u00e4n, muutokset puheluissa sek\u00e4 aiheettomat puhelut.<\/figcaption><\/figure>\n<\/div>\n\n\n\n<div class=\"wp-block-jetpack-layout-grid-column wp-block-jetpack-layout-grid__padding-medium\">\n<figure class=\"wp-block-image size-full\"><img loading=\"lazy\" decoding=\"async\" width=\"724\" height=\"483\" src=\"\/wp-content\/uploads\/2023\/03\/calendar.jpg\" alt=\"\" class=\"wp-image-2344\" srcset=\"https:\/\/gillie.ai\/wp-content\/uploads\/2023\/03\/calendar.jpg 724w, https:\/\/gillie.ai\/wp-content\/uploads\/2023\/03\/calendar-300x200.jpg 300w, https:\/\/gillie.ai\/wp-content\/uploads\/2023\/03\/calendar-18x12.jpg 18w\" sizes=\"auto, (max-width: 724px) 100vw, 724px\" \/><figcaption class=\"wp-element-caption\"><strong><span style=\"font-size:25px\">Turvapuheluiden p\u00e4iv\u00e4rytmi<\/span><\/strong><br>H\u00e4lytt\u00e4\u00e4 asiakkaista, jotka tekev\u00e4t turvapuheluita usein samoihin kellonaikoihin. T\u00e4m\u00e4 auttaa suunniteltujen k\u00e4yntien aikataulun asettamisessa.<\/figcaption><\/figure>\n<\/div>\n<\/div>\n\n\n\n<div id=\"wp-block-themeisle-blocks-advanced-columns-31abe4d3\" class=\"wp-block-themeisle-blocks-advanced-columns has-1-columns has-desktop-equal-layout has-tablet-equal-layout has-mobile-equal-layout has-vertical-unset\"><div class=\"wp-block-themeisle-blocks-advanced-columns-overlay\"><\/div><div class=\"innerblocks-wrap\">\n<div id=\"wp-block-themeisle-blocks-advanced-column-73dfbf07\" class=\"wp-block-themeisle-blocks-advanced-column\"><\/div>\n<\/div><\/div>\n\n\n\n<div class=\"wp-block-jetpack-layout-grid column1-desktop-grid__span-4 column1-desktop-grid__row-1 column2-desktop-grid__span-4 column2-desktop-grid__start-5 column2-desktop-grid__row-1 column3-desktop-grid__span-4 column3-desktop-grid__start-9 column3-desktop-grid__row-1 column1-tablet-grid__span-4 column1-tablet-grid__row-1 column2-tablet-grid__span-4 column2-tablet-grid__start-5 column2-tablet-grid__row-1 column3-tablet-grid__span-4 column3-tablet-grid__row-2 column1-mobile-grid__span-4 column1-mobile-grid__row-1 column2-mobile-grid__span-4 column2-mobile-grid__row-2 column3-mobile-grid__span-4 column3-mobile-grid__row-3\">\n<div class=\"wp-block-jetpack-layout-grid-column wp-block-jetpack-layout-grid__padding-medium\">\n<figure class=\"wp-block-image size-full\"><img loading=\"lazy\" decoding=\"async\" width=\"724\" height=\"479\" src=\"\/wp-content\/uploads\/2023\/03\/time.jpg\" alt=\"\" class=\"wp-image-2345\" srcset=\"https:\/\/gillie.ai\/wp-content\/uploads\/2023\/03\/time.jpg 724w, https:\/\/gillie.ai\/wp-content\/uploads\/2023\/03\/time-300x198.jpg 300w, https:\/\/gillie.ai\/wp-content\/uploads\/2023\/03\/time-18x12.jpg 18w\" sizes=\"auto, (max-width: 724px) 100vw, 724px\" \/><figcaption class=\"wp-element-caption\"><strong><span style=\"font-size:25px\">Turva-auttamisk\u00e4ynnin vasteajat<\/span><\/strong><br>N\u00e4ytt\u00e4\u00e4 turva-auttamisk\u00e4yntien reaktioajat ja varoittaa, jos ne ylitt\u00e4v\u00e4t tavoitteen.<\/figcaption><\/figure>\n<\/div>\n\n\n\n<div class=\"wp-block-jetpack-layout-grid-column wp-block-jetpack-layout-grid__padding-medium\">\n<figure class=\"wp-block-image size-full\"><img loading=\"lazy\" decoding=\"async\" width=\"724\" height=\"483\" src=\"\/wp-content\/uploads\/2023\/03\/helping.jpg\" alt=\"\" class=\"wp-image-2346\" srcset=\"https:\/\/gillie.ai\/wp-content\/uploads\/2023\/03\/helping.jpg 724w, https:\/\/gillie.ai\/wp-content\/uploads\/2023\/03\/helping-300x200.jpg 300w, https:\/\/gillie.ai\/wp-content\/uploads\/2023\/03\/helping-18x12.jpg 18w\" sizes=\"auto, (max-width: 724px) 100vw, 724px\" \/><figcaption class=\"wp-element-caption\"><strong><span style=\"font-size:25px\">Arvioi, tarvitaanko s\u00e4\u00e4nn\u00f6llisi\u00e4 kotik\u00e4yntej\u00e4<\/span><\/strong> <br>Teko\u00e4ly arvioi, tarvitseeko asiakas s\u00e4\u00e4nn\u00f6llisi\u00e4 kotik\u00e4yntej\u00e4. Toiminto on kehitetty yhdess\u00e4 Tunstallin kanssa.<\/figcaption><\/figure>\n<\/div>\n\n\n\n<div class=\"wp-block-jetpack-layout-grid-column wp-block-jetpack-layout-grid__padding-medium\">\n<figure class=\"wp-block-image size-full\"><img loading=\"lazy\" decoding=\"async\" width=\"724\" height=\"483\" src=\"\/wp-content\/uploads\/2023\/03\/desktop_with_priority.jpg\" alt=\"\" class=\"wp-image-2347\" srcset=\"https:\/\/gillie.ai\/wp-content\/uploads\/2023\/03\/desktop_with_priority.jpg 724w, https:\/\/gillie.ai\/wp-content\/uploads\/2023\/03\/desktop_with_priority-300x200.jpg 300w, https:\/\/gillie.ai\/wp-content\/uploads\/2023\/03\/desktop_with_priority-18x12.jpg 18w\" sizes=\"auto, (max-width: 724px) 100vw, 724px\" \/><figcaption class=\"wp-element-caption\"><strong><span style=\"font-size:25px\">Tiedolla johtaminen<\/span><\/strong><br>Tiimikohtaiset yhteenvedot n\u00e4ytt\u00e4v\u00e4t tiimien asiakkaiden turvapuhelink\u00e4ytt\u00e4ytymisen sek\u00e4 miten hoitajat ovat reagoineet poikkeamiin.<\/figcaption><\/figure>\n<\/div>\n<\/div>\n\n\n\n<div id=\"wp-block-themeisle-blocks-advanced-columns-7c8b8677\" class=\"wp-block-themeisle-blocks-advanced-columns has-1-columns has-desktop-equal-layout has-tablet-equal-layout has-mobile-equal-layout has-vertical-unset\"><div class=\"wp-block-themeisle-blocks-advanced-columns-overlay\"><\/div><div class=\"innerblocks-wrap\">\n<div id=\"wp-block-themeisle-blocks-advanced-column-001bafd6\" class=\"wp-block-themeisle-blocks-advanced-column\"><\/div>\n<\/div><\/div>\n<\/div>\n<\/div><\/div>\n<\/div>\n<\/div>","protected":false},"excerpt":{"rendered":"","protected":false},"author":226723938,"featured_media":0,"parent":0,"menu_order":0,"comment_status":"closed","ping_status":"closed","template":"","meta":{"_uag_custom_page_level_css":"","neve_meta_sidebar":"","neve_meta_container":"","neve_meta_enable_content_width":"off","neve_meta_content_width":100,"neve_meta_title_alignment":"","neve_meta_author_avatar":"","neve_post_elements_order":"","neve_meta_disable_header":"","neve_meta_disable_footer":"","neve_meta_disable_title":"","neve_meta_reading_time":"","_themeisle_gutenberg_block_has_review":false,"footnotes":""},"class_list":["post-1169","page","type-page","status-publish","hentry"],"uagb_featured_image_src":{"full":false,"thumbnail":false,"medium":false,"medium_large":false,"large":false,"1536x1536":false,"2048x2048":false,"trp-custom-language-flag":false,"neve-blog":false},"uagb_author_info":{"display_name":"gillieai","author_link":"https:\/\/gillie.ai\/fi\/author\/gillieai\/"},"uagb_comment_info":0,"uagb_excerpt":null,"_links":{"self":[{"href":"https:\/\/gillie.ai\/fi\/wp-json\/wp\/v2\/pages\/1169","targetHints":{"allow":["GET"]}}],"collection":[{"href":"https:\/\/gillie.ai\/fi\/wp-json\/wp\/v2\/pages"}],"about":[{"href":"https:\/\/gillie.ai\/fi\/wp-json\/wp\/v2\/types\/page"}],"author":[{"embeddable":true,"href":"https:\/\/gillie.ai\/fi\/wp-json\/wp\/v2\/users\/226723938"}],"replies":[{"embeddable":true,"href":"https:\/\/gillie.ai\/fi\/wp-json\/wp\/v2\/comments?post=1169"}],"version-history":[{"count":43,"href":"https:\/\/gillie.ai\/fi\/wp-json\/wp\/v2\/pages\/1169\/revisions"}],"predecessor-version":[{"id":2739,"href":"https:\/\/gillie.ai\/fi\/wp-json\/wp\/v2\/pages\/1169\/revisions\/2739"}],"wp:attachment":[{"href":"https:\/\/gillie.ai\/fi\/wp-json\/wp\/v2\/media?parent=1169"}],"curies":[{"name":"wp","href":"https:\/\/api.w.org\/{rel}","templated":true}]}}